{"id":2428,"date":"2025-06-19T17:02:52","date_gmt":"2025-06-19T15:02:52","guid":{"rendered":"https:\/\/unmundodemadera.com\/terms-of-use\/"},"modified":"2026-03-10T16:49:51","modified_gmt":"2026-03-10T15:49:51","slug":"terms-of-use","status":"publish","type":"page","link":"https:\/\/unmundodemadera.com\/en\/terms-of-use\/","title":{"rendered":"Terms of Use"},"content":{"rendered":"\t\t<div data-elementor-type=\"wp-page\" data-elementor-id=\"2428\" class=\"elementor elementor-2428 elementor-1924\" data-elementor-post-type=\"page\">\n\t\t\t\t<div class=\"elementor-element elementor-element-651a5a25 e-flex e-con-boxed e-con e-parent\" data-id=\"651a5a25\" data-element_type=\"container\" data-e-type=\"container\">\n\t\t\t\t\t<div class=\"e-con-inner\">\n\t\t\t\t<div class=\"elementor-element elementor-element-787370da elementor-widget elementor-widget-text-editor\" data-id=\"787370da\" data-element_type=\"widget\" data-e-type=\"widget\" data-widget_type=\"text-editor.default\">\n\t\t\t\t<div class=\"elementor-widget-container\">\n\t\t\t\t\t\t\t\t\t<section data-id=\"440eab6\" data-element_type=\"section\">\n<div>\n<div data-id=\"b31f185\" data-element_type=\"column\">\n<div>\n<div data-id=\"8e81658\" data-element_type=\"widget\" data-widget_type=\"heading.default\">\n<div>\n<h1>Terms of Use<\/h1>\n<\/div>\n<\/div>\n<\/div>\n<\/div>\n<\/div>\n<\/section>\n<section data-id=\"376a60e\" data-element_type=\"section\">\n<div>\n<div data-id=\"b7b9198\" data-element_type=\"column\">\n<div>\n<div data-id=\"0e2314c\" data-element_type=\"widget\" data-widget_type=\"text-editor.default\">\n<div>\n<p>The owner of this website is PEDRO DE HARO ALARCON, with DNI 38545432P and registered office at CL CARRERAS I CANDI 72 1\u00ba3\u00aa Barcelona. The contact email address is: info@unmundodemadera.com. &nbsp;<\/p>\n<\/div>\n<\/div>\n<div data-id=\"e0a37e2\" data-element_type=\"widget\" data-widget_type=\"text-editor.default\">\n<div>\n<p>El titular de este sitio web es PEDRO DE HARO ALARCON, con DNI 38545432P y domicilio social en CL CARRERAS I CANDI 72 1\u00ba3\u00aa Barcelona. La direcci\u00f3n de correo electr\u00f3nico de contacto es: info@unmundodemadera.com.<br> <\/p>\n<p><\/p>\n<\/div>\n<\/div>\n<div data-id=\"96e85ee\" data-element_type=\"widget\" data-widget_type=\"heading.default\">\n<div>\n<h2><strong>User and liability regime<br><\/strong><\/h2>\n<\/div>\n<\/div>\n<div data-id=\"a59fa79\" data-element_type=\"widget\" data-widget_type=\"text-editor.default\">\n<div>\n<p>Navigation, access, and use of the website www.unmundodemadera.com confers the status of user, through which all the terms of use established herein are accepted, from the moment of navigation on the website www.unmundodemadera.com, without prejudice to the application of the corresponding mandatory legal regulations, as the case may be.&nbsp;<\/p>\n<\/div>\n<\/div>\n<div data-id=\"b5499b7\" data-element_type=\"widget\" data-widget_type=\"text-editor.default\">\n<div>\n<p>The website www.unmundodemadera.com provides a great diversity of information, services, and data. The user assumes responsibility for the correct use of the website. This responsibility shall extend to:  &nbsp;<\/p>\n<\/div>\n<\/div>\n<div data-id=\"60ed946\" data-element_type=\"widget\" data-widget_type=\"text-editor.default\">\n<div>\n<ul>\n<li>The truthfulness and lawfulness of the information provided by the user in the forms extended by www.unmundodemadera.com for access to certain content or services offered by the website.<\/li>\n<li>El uso de la informaci\u00f3n, servicios y datos ofrecidos por www.unmundodemadera.com contrariamente a lo dispuesto por las presentes condiciones, la Ley, la moral, las buenas costumbres o el orden p\u00fablico, o que de cualquier otro modo puedan suponer lesi\u00f3n de los derechos de terceros o del mismo funcionamiento del sitio web.<\/li>\n<\/ul>\n<div>&nbsp;<\/div>\n<\/div>\n<\/div>\n<div data-id=\"1a125fd\" data-element_type=\"widget\" data-widget_type=\"heading.default\">\n<div>\n<h2><strong>Links policy and disclaimers<\/strong><\/h2>\n<\/div>\n<\/div>\n<div data-id=\"16ee9b1\" data-element_type=\"widget\" data-widget_type=\"text-editor.default\">\n<div>\n<p>www.unmundodemadera.com no se hace responsable del contenido de los sitios web a los que el usuario pueda acceder a trav\u00e9s de los enlaces establecidos en su sitio web y declara que en ning\u00fan caso proceder\u00e1 a examinar o ejercitar ning\u00fan tipo de control sobre el contenido de otros sitios de la red. Asimismo, tampoco garantizar\u00e1 la disponibilidad t\u00e9cnica, exactitud, veracidad, validez o legalidad de sitios ajenos a su propiedad a los que se pueda acceder por medio de los enlaces. &nbsp;<\/p>\n<\/div>\n<\/div>\n<div data-id=\"5d3b721\" data-element_type=\"widget\" data-widget_type=\"text-editor.default\">\n<div>\n<p>www.unmundodemadera.com declara haber adoptado todas las medidas necesarias para evitar cualquier da\u00f1o a los usuarios de su sitio web, que pudieran derivarse de la navegaci\u00f3n por su sitio web. En consecuencia, www.unmundodemadera.com no se hace responsable, en ning\u00fan caso, de los eventuales da\u00f1os que por la navegaci\u00f3n por Internet pudiera sufrir el usuario.<br> &nbsp;<\/p>\n<p><\/p>\n<\/div>\n<\/div>\n<div data-id=\"0249aa5\" data-element_type=\"widget\" data-widget_type=\"heading.default\">\n<div>\n<h2><strong>Modifications<\/strong><\/h2>\n<\/div>\n<\/div>\n<div data-id=\"2ba01e1\" data-element_type=\"widget\" data-widget_type=\"text-editor.default\">\n<div>\n<p>www.unmundodemadera.com se reserva el derecho a realizar las modificaciones que considere oportunas, sin aviso previo, en el contenido de su sitio web. Tanto en lo referente a los contenidos del sitio web, como en las condiciones de uso del mismo. Dichas modificaciones podr\u00e1n realizarse a trav\u00e9s de su sitio web por cualquier forma admisible en derecho y ser\u00e1n de obligado cumplimiento durante el tiempo en que se encuentren publicadas en la web y hasta que no sean modificadas v\u00e1lidamente por otras posteriores.<br><br> <br>  &nbsp;<\/p>\n<p><\/p>\n<\/div>\n<\/div>\n<div data-id=\"9d8146f\" data-element_type=\"widget\" data-widget_type=\"heading.default\">\n<div>\n<h2><strong>Data protection<\/strong><\/h2>\n<\/div>\n<\/div>\n<div data-id=\"c4fa338\" data-element_type=\"widget\" data-widget_type=\"text-editor.default\">\n<div>\n<p>In accordance with the provisions of current legislation on the Protection of Personal Data, we inform you that your data will be incorporated into the processing system owned by www.unmundodemadera.com for the purpose of facilitating, streamlining, and fulfilling the commitments established between both parties. In compliance with current regulations, www.unmundodemadera.com informs you that the data will be kept for the period strictly necessary to comply with the aforementioned precepts. &nbsp;<\/p>\n<\/div>\n<\/div>\n<div data-id=\"31ce460\" data-element_type=\"widget\" data-widget_type=\"text-editor.default\">\n<div>\n<p>We inform you that the processing of your data is legitimized by your consent.<\/p>\n<\/div>\n<\/div>\n<div data-id=\"9ec16c3\" data-element_type=\"widget\" data-widget_type=\"text-editor.default\">\n<div>\n<p>www.unmundodemadera.com informs that it will process the data in a lawful, fair, transparent, adequate, relevant, limited, accurate, and up-to-date manner. For this reason, www.unmundodemadera.com undertakes to adopt all reasonable measures to ensure that they are deleted or rectified without delay when they are inaccurate.<br> &nbsp;<\/p>\n<\/div>\n<\/div>\n<div data-id=\"367a32b\" data-element_type=\"widget\" data-widget_type=\"text-editor.default\">\n<div>\n<p>In accordance with the rights conferred upon you by current data protection legislation, you may exercise your rights of access, rectification, limitation of processing, erasure, portability, and opposition to the processing of your personal data, as well as the withdrawal of the consent given for their processing, by directing your request to the postal address indicated above or to the email address.<br><\/p>\n<\/div>\n<\/div>\n<div data-id=\"d11c762\" data-element_type=\"widget\" data-widget_type=\"text-editor.default\">\n<div>\n<p>You may contact the competent Supervisory Authority to submit the claim you deem appropriate.&nbsp;<\/p>\n<p><\/p>\n<\/div>\n<\/div>\n<div data-id=\"7704397\" data-element_type=\"widget\" data-widget_type=\"heading.default\">\n<div>\n<h2><strong>Intellectual and Industrial Property<br><\/strong><\/h2>\n<\/div>\n<\/div>\n<div data-id=\"9530a1b\" data-element_type=\"widget\" data-widget_type=\"text-editor.default\">\n<div>\n<p>www.unmundodemadera.com, by itself or as an assignee, is the owner of all intellectual and industrial property rights of its website, as well as the elements contained therein (by way of illustration, images, sound, audio, video, software or texts; trademarks or logos, color combinations, structure and design, selection of materials used, computer programs necessary for its operation, access and use, etc.), owned by www.unmundodemadera.com. Therefore, they shall be works protected as intellectual property by the Spanish legal system, with both Spanish and Community regulations in this field, as well as international treaties related to the matter and signed by Spain, being applicable to them.<br> &nbsp;<\/p>\n<\/div>\n<\/div>\n<div data-id=\"6dda26e\" data-element_type=\"widget\" data-widget_type=\"text-editor.default\">\n<div>\n<p>All rights reserved. By virtue of the provisions of the Intellectual Property Law, the reproduction, distribution, and public communication, including the mode of making available, of all or part of the contents of this website for commercial purposes, in any medium and by any technical means, are expressly prohibited without the authorization of &nbsp;<span style=\"text-align: var(--text-align); background-color: var(--ast-global-color-5); color: var(--ast-global-color-3); font-size: 1rem;\">www.unmundodemadera.com<\/span><\/p>\n<\/div>\n<\/div>\n<div data-id=\"5a58f57\" data-element_type=\"widget\" data-widget_type=\"text-editor.default\">\n<div>\n<p>The user undertakes to respect the Intellectual and Industrial Property rights owned by www.unmundodemadera.com. You may view the elements of the portal and even print, copy, and store them on the hard drive of your computer or on any other physical medium, provided that it is, solely and exclusively, for your personal and private use. The user must refrain from deleting, altering, evading, or manipulating any protection device or security system installed on the pages of www.unmundodemadera.com.  <\/p>\n<p><\/p>\n<\/div>\n<\/div>\n<div data-id=\"fe74507\" data-element_type=\"widget\" data-widget_type=\"heading.default\">\n<div>\n<h2><strong>Legal actions, applicable legislation, and jurisdiction<\/strong><\/h2>\n<\/div>\n<\/div>\n<div data-id=\"1d69815\" data-element_type=\"widget\" data-widget_type=\"text-editor.default\">\n<div>\n<p>www.unmundodemadera.com likewise reserves the right to file any civil or criminal actions it deems appropriate for the improper use of its website and content, or for the breach of these conditions.&nbsp;<\/p>\n<\/div>\n<\/div>\n<div data-id=\"4e76029\" data-element_type=\"widget\" data-widget_type=\"text-editor.default\">\n<div>\n<p>The relationship between the user and the provider shall be governed by the regulations in force and applicable in the Spanish territory. Should any dispute arise, the parties may submit their conflicts to arbitration or resort to the ordinary jurisdiction, complying with the rules on jurisdiction and competence in this regard. www.unmundodemadera.com is domiciled in BARCELONA, Spain.<br>  &nbsp;&nbsp;<\/p>\n<\/div>\n<\/div>\n<\/div>\n<\/div>\n<\/div>\n<\/section>\t\t\t\t\t\t\t\t<\/div>\n\t\t\t\t<\/div>\n\t\t\t\t\t<\/div>\n\t\t\t\t<\/div>\n\t\t\t\t<\/div>\n\t\t","protected":false},"excerpt":{"rendered":"<p>Terms of Use The owner of this website is PEDRO DE HARO ALARCON, with DNI 38545432P and registered office at CL CARRERAS I CANDI 72 1\u00ba3\u00aa Barcelona. The contact email address is: info@unmundodemadera.com. &nbsp; El titular de este sitio web es PEDRO DE HARO ALARCON, con DNI 38545432P y domicilio social en CL CARRERAS I [&hellip;]<\/p>\n","protected":false},"author":2,"featured_media":0,"parent":0,"menu_order":0,"comment_status":"closed","ping_status":"closed","template":"","meta":{"site-sidebar-layout":"default","site-content-layout":"","ast-site-content-layout":"default","site-content-style":"default","site-sidebar-style":"default","ast-global-header-display":"","ast-banner-title-visibility":"","ast-main-header-display":"","ast-hfb-above-header-display":"","ast-hfb-below-header-display":"","ast-hfb-mobile-header-display":"","site-post-title":"disabled","ast-breadcrumbs-content":"","ast-featured-img":"","footer-sml-layout":"","ast-disable-related-posts":"","theme-transparent-header-meta":"","adv-header-id-meta":"","stick-header-meta":"","header-above-stick-meta":"","header-main-stick-meta":"","header-below-stick-meta":"","astra-migrate-meta-layouts":"default","ast-page-background-enabled":"default","ast-page-background-meta":{"desktop":{"background-color":"","background-image":"","background-repeat":"repeat","background-position":"center center","background-size":"auto","background-attachment":"scroll","background-type":"","background-media":"","overlay-type":"","overlay-color":"","overlay-opacity":"","overlay-gradient":""},"tablet":{"background-color":"","background-image":"","background-repeat":"repeat","background-position":"center center","background-size":"auto","background-attachment":"scroll","background-type":"","background-media":"","overlay-type":"","overlay-color":"","overlay-opacity":"","overlay-gradient":""},"mobile":{"background-color":"","background-image":"","background-repeat":"repeat","background-position":"center center","background-size":"auto","background-attachment":"scroll","background-type":"","background-media":"","overlay-type":"","overlay-color":"","overlay-opacity":"","overlay-gradient":""}},"ast-content-background-meta":{"desktop":{"background-color":"var(--ast-global-color-5)","background-image":"","background-repeat":"repeat","background-position":"center center","background-size":"auto","background-attachment":"scroll","background-type":"","background-media":"","overlay-type":"","overlay-color":"","overlay-opacity":"","overlay-gradient":""},"tablet":{"background-color":"var(--ast-global-color-5)","background-image":"","background-repeat":"repeat","background-position":"center center","background-size":"auto","background-attachment":"scroll","background-type":"","background-media":"","overlay-type":"","overlay-color":"","overlay-opacity":"","overlay-gradient":""},"mobile":{"background-color":"var(--ast-global-color-5)","background-image":"","background-repeat":"repeat","background-position":"center center","background-size":"auto","background-attachment":"scroll","background-type":"","background-media":"","overlay-type":"","overlay-color":"","overlay-opacity":"","overlay-gradient":""}},"footnotes":""},"class_list":["post-2428","page","type-page","status-publish","hentry"],"_links":{"self":[{"href":"https:\/\/unmundodemadera.com\/en\/wp-json\/wp\/v2\/pages\/2428","targetHints":{"allow":["GET"]}}],"collection":[{"href":"https:\/\/unmundodemadera.com\/en\/wp-json\/wp\/v2\/pages"}],"about":[{"href":"https:\/\/unmundodemadera.com\/en\/wp-json\/wp\/v2\/types\/page"}],"author":[{"embeddable":true,"href":"https:\/\/unmundodemadera.com\/en\/wp-json\/wp\/v2\/users\/2"}],"replies":[{"embeddable":true,"href":"https:\/\/unmundodemadera.com\/en\/wp-json\/wp\/v2\/comments?post=2428"}],"version-history":[{"count":1,"href":"https:\/\/unmundodemadera.com\/en\/wp-json\/wp\/v2\/pages\/2428\/revisions"}],"predecessor-version":[{"id":2429,"href":"https:\/\/unmundodemadera.com\/en\/wp-json\/wp\/v2\/pages\/2428\/revisions\/2429"}],"wp:attachment":[{"href":"https:\/\/unmundodemadera.com\/en\/wp-json\/wp\/v2\/media?parent=2428"}],"curies":[{"name":"wp","href":"https:\/\/api.w.org\/{rel}","templated":true}]}}