{"id":2426,"date":"2025-06-05T16:46:40","date_gmt":"2025-06-05T14:46:40","guid":{"rendered":"https:\/\/unmundodemadera.com\/privacy-policy\/"},"modified":"2026-03-10T13:37:03","modified_gmt":"2026-03-10T12:37:03","slug":"privacy-policy","status":"publish","type":"page","link":"https:\/\/unmundodemadera.com\/en\/privacy-policy\/","title":{"rendered":"Privacy Policy"},"content":{"rendered":"\t\t<div data-elementor-type=\"wp-page\" data-elementor-id=\"2426\" class=\"elementor elementor-2426 elementor-3\" data-elementor-post-type=\"page\">\n\t\t\t\t<div class=\"elementor-element elementor-element-651a5a25 e-flex e-con-boxed e-con e-parent\" data-id=\"651a5a25\" data-element_type=\"container\" data-e-type=\"container\">\n\t\t\t\t\t<div class=\"e-con-inner\">\n\t\t\t\t<div class=\"elementor-element elementor-element-787370da elementor-widget elementor-widget-text-editor\" data-id=\"787370da\" data-element_type=\"widget\" data-e-type=\"widget\" data-widget_type=\"text-editor.default\">\n\t\t\t\t<div class=\"elementor-widget-container\">\n\t\t\t\t\t\t\t\t\t<div data-id=\"bde5419\" data-element_type=\"widget\" data-widget_type=\"heading.default\">\n<section data-id=\"df68973\" data-element_type=\"section\">\n<div>\n<div data-id=\"07debae\" data-element_type=\"column\">\n<div>\n<div data-id=\"946feb0\" data-element_type=\"widget\" data-widget_type=\"heading.default\">\n<div>\n<section data-id=\"beabc38\" data-element_type=\"section\">\n<div>\n<div data-id=\"457e3ed\" data-element_type=\"column\">\n<div>\n<div data-id=\"a48e47e\" data-element_type=\"widget\" data-widget_type=\"heading.default\">\n<div>\n<h1>Privacy Policy<\/h1>\n<\/div>\n<\/div>\n<\/div>\n<\/div>\n<\/div>\n<\/section>\n<section data-id=\"745fad9\" data-element_type=\"section\">\n<div>\n<div data-id=\"41a83ea\" data-element_type=\"column\">\n<div>\n<div data-id=\"b167646\" data-element_type=\"widget\" data-widget_type=\"text-editor.default\">\n<div>In compliance with the provisions of Organic Law 15\/1999, of December 13, on the protection of personal data and the European Regulation EU 2016\/679, we inform you of the following:<\/div>\n<\/div>\n<div data-id=\"0de379a\" data-element_type=\"widget\" data-widget_type=\"heading.default\">\n<div>\n<h2><strong>Identity and contact details of the data controller<br><\/strong><\/h2>\n<\/div>\n<\/div>\n<div data-id=\"a35a215\" data-element_type=\"widget\" data-widget_type=\"text-editor.default\">\n<div>We inform you that the data you provide will be incorporated and processed in the files owned by PEDRO DE HARO ALARCON with ID 38545432P, duly registered in the General Registry of Data Protection, in order to provide our services, as well as to keep you informed about matters relating to the company&#8217;s activity and its services.<br> <br><\/div>\n<\/div>\n<div data-id=\"5338378\" data-element_type=\"widget\" data-widget_type=\"heading.default\">\n<div>\n<h2><strong>Data collection and processing methods<\/strong><\/h2>\n<\/div>\n<\/div>\n<div data-id=\"8423906\" data-element_type=\"widget\" data-widget_type=\"text-editor.default\">\n<div>Data is collected directly from the data subject, either in person or through our corporate website form, providing them with all the necessary information as required by law. Processing is carried out using automated instruments in compliance with regulations and in accordance with the principles of correctness, lawfulness, transparency, and the protection of your confidentiality and rights. Our computer system is structured to prevent data loss, unlawful or incorrect use, and unauthorized access, complying with the required security standards.<br>  <\/div>\n<\/div>\n<div data-id=\"69fe445\" data-element_type=\"widget\" data-widget_type=\"heading.default\">\n<div>\n<h2><strong>Legal basis &#8211; Purpose of the processing<\/strong><\/h2>\n<\/div>\n<\/div>\n<div data-id=\"3517d21\" data-element_type=\"widget\" data-widget_type=\"text-editor.default\">\n<div>The data provided will be strictly limited to those essential for the execution of the requested service: quotes, invoices, reports, etc. The communication of this data is mandatory to carry out the services offered, and any refusal to provide it will result in the company&#8217;s inability to fulfill the agreed-upon services.<\/div>\n<\/div>\n<div data-id=\"8a91058\" data-element_type=\"widget\" data-widget_type=\"heading.default\">\n<div>\n<h2><strong>Recipients to whom your data may be disclosed<\/strong><\/h2>\n<\/div>\n<\/div>\n<div data-id=\"7281144\" data-element_type=\"widget\" data-widget_type=\"text-editor.default\">\n<div>Your data will not be disclosed to third parties, except when it is necessary and essential (or, in any case, functional) for the development of the services you have requested or if there is a legal obligation. Other possible communications will be made to other subjects (authorized, appointed, and specifically instructed by the Data Controller). Your data will not be disseminated to third parties without your prior and express consent, and under no circumstances will it be transferred to third countries outside the EU.  <\/div>\n<\/div>\n<div data-id=\"276f313\" data-element_type=\"widget\" data-widget_type=\"heading.default\">\n<div>\n<h2><strong>Duraci\u00f3n de la conservaci\u00f3n de los datos de car\u00e1cter personal<\/strong><\/h2>\n<\/div>\n<\/div>\n<div data-id=\"4af78ae\" data-element_type=\"widget\" data-widget_type=\"text-editor.default\">\n<div>Your personal data will be kept for the time considered useful for the execution of the requested service or for the management of subsequent administrative activities. We undertake to treat the personal data provided confidentially and to return them to the data subject or destroy them once the contractual relationship has ended. <\/div>\n<\/div>\n<div data-id=\"58bb2d1\" data-element_type=\"widget\" data-widget_type=\"heading.default\">\n<div>\n<h2><strong>Data subject rights and withdrawal of consent<\/strong><\/h2>\n<\/div>\n<\/div>\n<div data-id=\"bb0d996\" data-element_type=\"widget\" data-widget_type=\"text-editor.default\">\n<div>You have the right to request access to your data from the controller at any time, as well as the rectification, erasure, or portability of such data. Likewise, you have the right to request the limitation of processing or to object to it. Furthermore, you may revoke the consent given through this information note at any time by directing your request to info@unmundodemadera.com, providing proof of your identity. If you believe your data has been processed unlawfully, you have the right to contact the Supervisory Authority to file a complaint.   <\/div>\n<\/div>\n<div data-id=\"a59a993\" data-element_type=\"widget\" data-widget_type=\"heading.default\">\n<div>\n<h2><strong>Automated decision-making processes and Explicit consent <\/strong><\/h2>\n<\/div>\n<\/div>\n<div data-id=\"b876008\" data-element_type=\"widget\" data-widget_type=\"text-editor.default\">\n<div>The controller does not use, in any way, automated decision-making processes concerning your personal data. By submitting your personal data through our website form, you attest to its accuracy and that it is up to date, that you have been informed in a clear, precise, and unequivocal manner of the use and processing that will be applied to your data, of the rights that assist you, and that you give your express consent for us to use it solely and exclusively for the specific purpose of the contracted service. <\/div>\n<\/div>\n<\/div>\n<\/div>\n<\/div>\n<\/section>\n<\/div>\n<\/div>\n<\/div>\n<\/div>\n<\/div>\n<\/section>\n<\/div>\t\t\t\t\t\t\t\t<\/div>\n\t\t\t\t<\/div>\n\t\t\t\t\t<\/div>\n\t\t\t\t<\/div>\n\t\t\t\t<\/div>\n\t\t","protected":false},"excerpt":{"rendered":"<p>Privacy Policy In compliance with the provisions of Organic Law 15\/1999, of December 13, on the protection of personal data and the European Regulation EU 2016\/679, we inform you of the following: Identity and contact details of the data controller We inform you that the data you provide will be incorporated and processed in the [&hellip;]<\/p>\n","protected":false},"author":1,"featured_media":0,"parent":0,"menu_order":0,"comment_status":"closed","ping_status":"open","template":"","meta":{"site-sidebar-layout":"default","site-content-layout":"","ast-site-content-layout":"default","site-content-style":"default","site-sidebar-style":"default","ast-global-header-display":"","ast-banner-title-visibility":"","ast-main-header-display":"","ast-hfb-above-header-display":"","ast-hfb-below-header-display":"","ast-hfb-mobile-header-display":"","site-post-title":"disabled","ast-breadcrumbs-content":"","ast-featured-img":"","footer-sml-layout":"","ast-disable-related-posts":"","theme-transparent-header-meta":"","adv-header-id-meta":"","stick-header-meta":"","header-above-stick-meta":"","header-main-stick-meta":"","header-below-stick-meta":"","astra-migrate-meta-layouts":"default","ast-page-background-enabled":"default","ast-page-background-meta":{"desktop":{"background-color":"","background-image":"","background-repeat":"repeat","background-position":"center center","background-size":"auto","background-attachment":"scroll","background-type":"","background-media":"","overlay-type":"","overlay-color":"","overlay-opacity":"","overlay-gradient":""},"tablet":{"background-color":"","background-image":"","background-repeat":"repeat","background-position":"center center","background-size":"auto","background-attachment":"scroll","background-type":"","background-media":"","overlay-type":"","overlay-color":"","overlay-opacity":"","overlay-gradient":""},"mobile":{"background-color":"","background-image":"","background-repeat":"repeat","background-position":"center center","background-size":"auto","background-attachment":"scroll","background-type":"","background-media":"","overlay-type":"","overlay-color":"","overlay-opacity":"","overlay-gradient":""}},"ast-content-background-meta":{"desktop":{"background-color":"var(--ast-global-color-5)","background-image":"","background-repeat":"repeat","background-position":"center center","background-size":"auto","background-attachment":"scroll","background-type":"","background-media":"","overlay-type":"","overlay-color":"","overlay-opacity":"","overlay-gradient":""},"tablet":{"background-color":"var(--ast-global-color-5)","background-image":"","background-repeat":"repeat","background-position":"center center","background-size":"auto","background-attachment":"scroll","background-type":"","background-media":"","overlay-type":"","overlay-color":"","overlay-opacity":"","overlay-gradient":""},"mobile":{"background-color":"var(--ast-global-color-5)","background-image":"","background-repeat":"repeat","background-position":"center center","background-size":"auto","background-attachment":"scroll","background-type":"","background-media":"","overlay-type":"","overlay-color":"","overlay-opacity":"","overlay-gradient":""}},"footnotes":""},"class_list":["post-2426","page","type-page","status-publish","hentry"],"_links":{"self":[{"href":"https:\/\/unmundodemadera.com\/en\/wp-json\/wp\/v2\/pages\/2426","targetHints":{"allow":["GET"]}}],"collection":[{"href":"https:\/\/unmundodemadera.com\/en\/wp-json\/wp\/v2\/pages"}],"about":[{"href":"https:\/\/unmundodemadera.com\/en\/wp-json\/wp\/v2\/types\/page"}],"author":[{"embeddable":true,"href":"https:\/\/unmundodemadera.com\/en\/wp-json\/wp\/v2\/users\/1"}],"replies":[{"embeddable":true,"href":"https:\/\/unmundodemadera.com\/en\/wp-json\/wp\/v2\/comments?post=2426"}],"version-history":[{"count":1,"href":"https:\/\/unmundodemadera.com\/en\/wp-json\/wp\/v2\/pages\/2426\/revisions"}],"predecessor-version":[{"id":2427,"href":"https:\/\/unmundodemadera.com\/en\/wp-json\/wp\/v2\/pages\/2426\/revisions\/2427"}],"wp:attachment":[{"href":"https:\/\/unmundodemadera.com\/en\/wp-json\/wp\/v2\/media?parent=2426"}],"curies":[{"name":"wp","href":"https:\/\/api.w.org\/{rel}","templated":true}]}}