{"id":2485,"date":"2025-06-19T16:58:21","date_gmt":"2025-06-19T14:58:21","guid":{"rendered":"https:\/\/unmundodemadera.com\/politica-de-cookies\/"},"modified":"2026-03-11T18:41:38","modified_gmt":"2026-03-11T17:41:38","slug":"politica-de-cookies","status":"publish","type":"page","link":"https:\/\/unmundodemadera.com\/ca\/politica-de-cookies\/","title":{"rendered":"Politica de Cookies"},"content":{"rendered":"\t\t<div data-elementor-type=\"wp-page\" data-elementor-id=\"2485\" class=\"elementor elementor-2485 elementor-1919\" data-elementor-post-type=\"page\">\n\t\t\t\t<div class=\"elementor-element elementor-element-651a5a25 e-flex e-con-boxed e-con e-parent\" data-id=\"651a5a25\" data-element_type=\"container\" data-e-type=\"container\">\n\t\t\t\t\t<div class=\"e-con-inner\">\n\t\t\t\t<div class=\"elementor-element elementor-element-787370da elementor-widget elementor-widget-text-editor\" data-id=\"787370da\" data-element_type=\"widget\" data-e-type=\"widget\" data-widget_type=\"text-editor.default\">\n\t\t\t\t<div class=\"elementor-widget-container\">\n\t\t\t\t\t\t\t\t\t<section data-id=\"df68973\" data-element_type=\"section\">\n<div>\n<div data-id=\"07debae\" data-element_type=\"column\">\n<div>\n<div data-id=\"946feb0\" data-element_type=\"widget\" data-widget_type=\"heading.default\">\n<div>\n<h1>Pol\u00edtica de galetes<\/h1>\n<\/div>\n<\/div>\n<\/div>\n<\/div>\n<\/div>\n<\/section>\n<section data-id=\"7b10d92\" data-element_type=\"section\">\n<div>\n<div data-id=\"1808798\" data-element_type=\"column\">\n<div>\n<div data-id=\"df31108\" data-element_type=\"widget\" data-widget_type=\"text-editor.default\">\n<div>\n<p>Aix\u00ed mateix, unmundodemadera.com informa a l&#8217;usuari que t\u00e9 la possibilitat de configurar el seu navegador de manera que se l&#8217;informi de la recepci\u00f3 de galetes, podent, si aix\u00ed ho desitja, impedir que siguin instal\u00b7lades al seu disc dur.<\/p>\n<\/div>\n<\/div>\n<div data-id=\"7955598\" data-element_type=\"widget\" data-widget_type=\"text-editor.default\">\n<div>\n<p>A continuaci\u00f3 li proporcionem els enlla\u00e7os de diversos navegadors, a trav\u00e9s dels quals podr\u00e0 realitzar aquesta configuraci\u00f3:<\/p>\n<\/div>\n<\/div>\n<div data-id=\"999c82d\" data-element_type=\"widget\" data-widget_type=\"text-editor.default\">\n<div>\n<ul>\n<li>Firefox a partir daqui: http:\/\/support.mozilla.org\/es\/kb\/habilitar-y-deshabilitar-cookies-que-los-sitios-we<\/li>\n<li>Chrome des d&#8217;aqu\u00ed: http:\/\/support.google.com\/chrome\/bin\/answer.py?hl=es&amp;answer=95647<\/li>\n<li>Explorer des d&#8217;aqu\u00ed: http:\/\/windows.microsoft.com\/es-es\/internet-explorer\/delete-manage-cookies#ie=ie-10<\/li>\n<li>Safari des d&#8217;aqu\u00ed: https:\/\/support.apple.com\/kb\/ph17191?locale=es_ES<br><\/li>\n<li>Opera des d&#8217;aqu\u00ed: https:\/\/help.opera.com\/en\/latest\/web-preferences\/#cookies<\/li>\n<\/ul>\n<\/div>\n<\/div>\n<div data-id=\"2d0e75d\" data-element_type=\"widget\" data-widget_type=\"text-editor.default\">\n<div>\n<p>Una galeta \u00e9s un fitxer que es descarrega al seu ordinador en accedir a determinades p\u00e0gines web. Les galetes permeten a una p\u00e0gina web, entre altres coses, emmagatzemar i recuperar informaci\u00f3 sobre els h\u00e0bits de navegaci\u00f3 d&#8217;un usuari o del seu equip i, depenent de la informaci\u00f3 que contingui i de la forma en qu\u00e8 utilitzi el seu equip, poden utilitzar-se per recon\u00e8ixer l&#8217;usuari. <\/p>\n<\/div>\n<\/div>\n<div data-id=\"9ade843\" data-element_type=\"widget\" data-widget_type=\"text-editor.default\">\n<div>\n<p>Les galetes s\u00f3n essencials per al funcionament d&#8217;internet, aportant innombrables avantatges en la prestaci\u00f3 de serveis interactius, facilitant-li la navegaci\u00f3 i usabilitat de la nostra web.<\/p>\n<\/div>\n<\/div>\n<div data-id=\"48eb1a5\" data-element_type=\"widget\" data-widget_type=\"text-editor.default\">\n<div>\n<p>La informaci\u00f3n que le proporcionamos a continuaci\u00f3n, le ayudar\u00e1 a comprender los diferentes tipos de cookies:<\/p>\n<\/div>\n<\/div>\n<div data-id=\"760b7dd\" data-element_type=\"widget\" data-widget_type=\"text-editor.default\">\n<div>\n<ul>\n<li><strong>SEGONS L&#8217;ENTITAT QUE LES GESTIONI<\/strong><\/li>\n<\/ul>\n<\/div>\n<\/div>\n<div data-id=\"e3f8388\" data-element_type=\"widget\" data-widget_type=\"text-editor.default\">\n<div>\n<ol>\n<li style=\"list-style-type: none;\">\n<ol>\n<li>Galetes pr\u00f2pies: S\u00f3n aquelles que s\u00f3n recaptades pel mateix editor per prestar el servei sol\u00b7licitat per l&#8217;usuari.<\/li>\n<li>Galetes de tercers: S\u00f3n aquelles que s\u00f3n recaptades i gestionades per un tercer, aquestes no es poden considerar pr\u00f2pies.<\/li>\n<\/ol>\n<\/li>\n<\/ol>\n<\/div>\n<\/div>\n<div data-id=\"56accaf\" data-element_type=\"widget\" data-widget_type=\"text-editor.default\">\n<div>\n<ul>\n<li><strong>SEG\u00daN EL PLAZO DE TIEMPO QUE PERMANEZCAN ACTIVADAS<\/strong><\/li>\n<\/ul>\n<\/div>\n<\/div>\n<div data-id=\"140b32a\" data-element_type=\"widget\" data-widget_type=\"text-editor.default\">\n<div>\n<ol>\n<li style=\"list-style-type: none;\">\n<ol>\n<li>Galetes de sessi\u00f3: Recullen dades mentre l&#8217;usuari navega per la xarxa amb la finalitat de prestar el servei sol\u00b7licitat.<\/li>\n<li>Galetes persistents: S&#8217;emmagatzemen al terminal i la informaci\u00f3 obtinguda ser\u00e0 utilitzada pel responsable de la galeta amb la finalitat de prestar el servei sol\u00b7licitat.<\/li>\n<\/ol>\n<\/li>\n<\/ol>\n<\/div>\n<\/div>\n<div data-id=\"109cdbe\" data-element_type=\"widget\" data-widget_type=\"text-editor.default\">\n<div>\n<ul>\n<li><strong>SEGONS LA SEVA FINALITAT<\/strong><\/li>\n<\/ul>\n<\/div>\n<\/div>\n<div data-id=\"088f6af\" data-element_type=\"widget\" data-widget_type=\"text-editor.default\">\n<div>\n<ol>\n<li style=\"list-style-type: none;\">\n<ol>\n<li>Galetes t\u00e8cniques: S\u00f3n les necess\u00e0ries per a la correcta navegaci\u00f3 per la web.<\/li>\n<li>Galetes de personalitzaci\u00f3: Permeten a l&#8217;usuari les caracter\u00edstiques (idioma) per a la navegaci\u00f3 per la p\u00e0gina web.<\/li>\n<li>Galetes d&#8217;an\u00e0lisi: Permeten al prestador l&#8217;an\u00e0lisi vinculada a la navegaci\u00f3 realitzada per l&#8217;usuari, amb la finalitat de portar un seguiment d&#8217;\u00fas de la p\u00e0gina web, aix\u00ed com realitzar estad\u00edstiques dels continguts m\u00e9s visitats, nombre de visitants, etc.<\/li>\n<li>Galetes publicit\u00e0ries: Permeten a l&#8217;editor incloure a la web espais publicitaris, segons el contingut de la pr\u00f2pia web.<\/li>\n<li>Galetes de publicitat comportamental: Permeten a l&#8217;editor incloure a la p\u00e0gina web espais publicitaris segons la informaci\u00f3 obtinguda a trav\u00e9s dels h\u00e0bits de navegaci\u00f3 de l&#8217;usuari.<\/li>\n<\/ol>\n<\/li>\n<\/ol>\n<\/div>\n<\/div>\n<div data-id=\"7265246\" data-element_type=\"widget\" data-widget_type=\"text-editor.default\">\n<div>\n<p>Segons el que disposa l&#8217;article 22.2 de la Llei 34\/2002, de l&#8217;11 de juliol, de Serveis de la Societat de la Informaci\u00f3 i de Comer\u00e7 Electr\u00f2nic (LSSI-CE), unmundodemadera.com informa de les galetes utilitzades a la nostra p\u00e0gina web:<\/p>\n<\/div>\n<\/div>\n<div data-id=\"69b9e5d\" data-element_type=\"widget\" data-widget_type=\"text-editor.default\">\n<div><\/div>\n<\/div>\n<div data-id=\"772ca60\" data-element_type=\"widget\" data-widget_type=\"text-editor.default\">\n<div>\n<p>A unmundodemadera.com s&#8217;utilitzen galetes t\u00e8cniques i de personalitzaci\u00f3, en sessi\u00f3 i persistent.<\/p>\n<\/div>\n<\/div>\n<\/div>\n<\/div>\n<\/div>\n<\/section>\t\t\t\t\t\t\t\t<\/div>\n\t\t\t\t<\/div>\n\t\t\t\t\t<\/div>\n\t\t\t\t<\/div>\n\t\t\t\t<\/div>\n\t\t","protected":false},"excerpt":{"rendered":"<p>Pol\u00edtica de galetes Aix\u00ed mateix, unmundodemadera.com informa a l&#8217;usuari que t\u00e9 la possibilitat de configurar el seu navegador de manera que se l&#8217;informi de la recepci\u00f3 de galetes, podent, si aix\u00ed ho desitja, impedir que siguin instal\u00b7lades al seu disc dur. A continuaci\u00f3 li proporcionem els enlla\u00e7os de diversos navegadors, a trav\u00e9s dels quals podr\u00e0 [&hellip;]<\/p>\n","protected":false},"author":2,"featured_media":0,"parent":0,"menu_order":0,"comment_status":"closed","ping_status":"closed","template":"","meta":{"site-sidebar-layout":"default","site-content-layout":"","ast-site-content-layout":"default","site-content-style":"default","site-sidebar-style":"default","ast-global-header-display":"","ast-banner-title-visibility":"","ast-main-header-display":"","ast-hfb-above-header-display":"","ast-hfb-below-header-display":"","ast-hfb-mobile-header-display":"","site-post-title":"disabled","ast-breadcrumbs-content":"","ast-featured-img":"","footer-sml-layout":"","ast-disable-related-posts":"","theme-transparent-header-meta":"","adv-header-id-meta":"","stick-header-meta":"","header-above-stick-meta":"","header-main-stick-meta":"","header-below-stick-meta":"","astra-migrate-meta-layouts":"default","ast-page-background-enabled":"default","ast-page-background-meta":{"desktop":{"background-color":"","background-image":"","background-repeat":"repeat","background-position":"center center","background-size":"auto","background-attachment":"scroll","background-type":"","background-media":"","overlay-type":"","overlay-color":"","overlay-opacity":"","overlay-gradient":""},"tablet":{"background-color":"","background-image":"","background-repeat":"repeat","background-position":"center center","background-size":"auto","background-attachment":"scroll","background-type":"","background-media":"","overlay-type":"","overlay-color":"","overlay-opacity":"","overlay-gradient":""},"mobile":{"background-color":"","background-image":"","background-repeat":"repeat","background-position":"center center","background-size":"auto","background-attachment":"scroll","background-type":"","background-media":"","overlay-type":"","overlay-color":"","overlay-opacity":"","overlay-gradient":""}},"ast-content-background-meta":{"desktop":{"background-color":"var(--ast-global-color-5)","background-image":"","background-repeat":"repeat","background-position":"center center","background-size":"auto","background-attachment":"scroll","background-type":"","background-media":"","overlay-type":"","overlay-color":"","overlay-opacity":"","overlay-gradient":""},"tablet":{"background-color":"var(--ast-global-color-5)","background-image":"","background-repeat":"repeat","background-position":"center center","background-size":"auto","background-attachment":"scroll","background-type":"","background-media":"","overlay-type":"","overlay-color":"","overlay-opacity":"","overlay-gradient":""},"mobile":{"background-color":"var(--ast-global-color-5)","background-image":"","background-repeat":"repeat","background-position":"center center","background-size":"auto","background-attachment":"scroll","background-type":"","background-media":"","overlay-type":"","overlay-color":"","overlay-opacity":"","overlay-gradient":""}},"footnotes":""},"class_list":["post-2485","page","type-page","status-publish","hentry"],"_links":{"self":[{"href":"https:\/\/unmundodemadera.com\/ca\/wp-json\/wp\/v2\/pages\/2485","targetHints":{"allow":["GET"]}}],"collection":[{"href":"https:\/\/unmundodemadera.com\/ca\/wp-json\/wp\/v2\/pages"}],"about":[{"href":"https:\/\/unmundodemadera.com\/ca\/wp-json\/wp\/v2\/types\/page"}],"author":[{"embeddable":true,"href":"https:\/\/unmundodemadera.com\/ca\/wp-json\/wp\/v2\/users\/2"}],"replies":[{"embeddable":true,"href":"https:\/\/unmundodemadera.com\/ca\/wp-json\/wp\/v2\/comments?post=2485"}],"version-history":[{"count":1,"href":"https:\/\/unmundodemadera.com\/ca\/wp-json\/wp\/v2\/pages\/2485\/revisions"}],"predecessor-version":[{"id":2486,"href":"https:\/\/unmundodemadera.com\/ca\/wp-json\/wp\/v2\/pages\/2485\/revisions\/2486"}],"wp:attachment":[{"href":"https:\/\/unmundodemadera.com\/ca\/wp-json\/wp\/v2\/media?parent=2485"}],"curies":[{"name":"wp","href":"https:\/\/api.w.org\/{rel}","templated":true}]}}