{"id":2470,"date":"2025-06-19T17:02:52","date_gmt":"2025-06-19T15:02:52","guid":{"rendered":"https:\/\/unmundodemadera.com\/condicions-dus\/"},"modified":"2026-03-11T17:06:49","modified_gmt":"2026-03-11T16:06:49","slug":"condicions-dus","status":"publish","type":"page","link":"https:\/\/unmundodemadera.com\/ca\/condicions-dus\/","title":{"rendered":"Condicions d&#8217;\u00fas<br>"},"content":{"rendered":"\t\t<div data-elementor-type=\"wp-page\" data-elementor-id=\"2470\" class=\"elementor elementor-2470 elementor-1924\" data-elementor-post-type=\"page\">\n\t\t\t\t<div class=\"elementor-element elementor-element-651a5a25 e-flex e-con-boxed e-con e-parent\" data-id=\"651a5a25\" data-element_type=\"container\" data-e-type=\"container\">\n\t\t\t\t\t<div class=\"e-con-inner\">\n\t\t\t\t<div class=\"elementor-element elementor-element-787370da elementor-widget elementor-widget-text-editor\" data-id=\"787370da\" data-element_type=\"widget\" data-e-type=\"widget\" data-widget_type=\"text-editor.default\">\n\t\t\t\t<div class=\"elementor-widget-container\">\n\t\t\t\t\t\t\t\t\t<section data-id=\"440eab6\" data-element_type=\"section\">\n<div>\n<div data-id=\"b31f185\" data-element_type=\"column\">\n<div>\n<div data-id=\"8e81658\" data-element_type=\"widget\" data-widget_type=\"heading.default\">\n<div>\n<h1>Condicions d&#8217;\u00fas<br><\/h1>\n<\/div>\n<\/div>\n<\/div>\n<\/div>\n<\/div>\n<\/section>\n<section data-id=\"376a60e\" data-element_type=\"section\">\n<div>\n<div data-id=\"b7b9198\" data-element_type=\"column\">\n<div>\n<div data-id=\"0e2314c\" data-element_type=\"widget\" data-widget_type=\"text-editor.default\">\n<div>\n<p>En compliment de la Llei 34\/2002, de l&#8217;11 de juliol, de Serveis de la Societat de la Informaci\u00f3 i de Comer\u00e7 Electr\u00f2nic (LSSI-CE), PEDRO DE HARO ALARCON informa que \u00e9s titular del lloc web www.unmundodemadera.com. D&#8217;acord amb l&#8217;exig\u00e8ncia de l&#8217;article 10 de l&#8217;esmentada Llei, PEDRO DE HARO ALARCON informa de les seg\u00fcents dades:<br> &nbsp;<\/p>\n<\/div>\n<\/div>\n<div data-id=\"e0a37e2\" data-element_type=\"widget\" data-widget_type=\"text-editor.default\">\n<div>\n<p>El titular d&#8217;aquest lloc web \u00e9s PEDRO DE HARO ALARCON, amb DNI 38545432P i domicili social al C\/ CARRERAS I CANDI 72 1r 3a, Barcelona. L&#8217;adre\u00e7a de correu electr\u00f2nic de contacte \u00e9s: info@unmundodemadera.com.<br> <\/p>\n<p><\/p>\n<\/div>\n<\/div>\n<div data-id=\"96e85ee\" data-element_type=\"widget\" data-widget_type=\"heading.default\">\n<div>\n<h2><strong>Usuari i r\u00e8gim de responsabilitats<br><\/strong><\/h2>\n<\/div>\n<\/div>\n<div data-id=\"a59fa79\" data-element_type=\"widget\" data-widget_type=\"text-editor.default\">\n<div>\n<p>La navegaci\u00f3, l&#8217;acc\u00e9s i l&#8217;\u00fas pel lloc web de www.unmundodemadera.com confereix la condici\u00f3 d&#8217;usuari, per la qual s&#8217;accepten, des de la navegaci\u00f3 pel lloc web de www.unmundodemadera.com, totes les condicions d&#8217;\u00fas aqu\u00ed establertes, sens perjudici de l&#8217;aplicaci\u00f3 de la normativa corresponent d&#8217;obligat compliment legal segons el cas.<br>&nbsp;<\/p>\n<\/div>\n<\/div>\n<div data-id=\"b5499b7\" data-element_type=\"widget\" data-widget_type=\"text-editor.default\">\n<div>\n<p>El lloc web www.unmundodemadera.com proporciona una gran diversitat d&#8217;informaci\u00f3, serveis i dades. L&#8217;usuari assumeix la seva responsabilitat en l&#8217;\u00fas correcte del lloc web. Aquesta responsabilitat s&#8217;estendr\u00e0 a:<br>  &nbsp;<\/p>\n<\/div>\n<\/div>\n<div data-id=\"60ed946\" data-element_type=\"widget\" data-widget_type=\"text-editor.default\">\n<div>\n<ul>\n<li>La veracitat i licitud de les informacions aportades per l&#8217;usuari en els formularis estesos per www.unmundodemadera.com per a l&#8217;acc\u00e9s a certs continguts o serveis oferts pel web.<\/li>\n<li>L&#8217;\u00fas de la informaci\u00f3, serveis i dades oferts per www.unmundodemadera.com de manera contr\u00e0ria al que disposen aquestes condicions, la Llei, la moral, els bons costums o l&#8217;ordre p\u00fablic, o que de qualsevol altra manera puguin suposar una lesi\u00f3 dels drets de tercers o del mateix funcionament del lloc web.<\/li>\n<\/ul>\n<div>&nbsp;<\/div>\n<\/div>\n<\/div>\n<div data-id=\"1a125fd\" data-element_type=\"widget\" data-widget_type=\"heading.default\">\n<div>\n<h2><strong>Pol\u00edtica d&#8217;enlla\u00e7os i exempcions de responsabilitat<\/strong><\/h2>\n<\/div>\n<\/div>\n<div data-id=\"16ee9b1\" data-element_type=\"widget\" data-widget_type=\"text-editor.default\">\n<div>\n<p>www.unmundodemadera.com no es fa responsable del contingut dels llocs web als quals l&#8217;usuari pugui accedir a trav\u00e9s dels enlla\u00e7os establerts al seu lloc web i declara que en cap cas procedir\u00e0 a examinar o exercitar cap tipus de control sobre el contingut d&#8217;altres llocs de la xarxa. Aix\u00ed mateix, tampoc garantir\u00e0 la disponibilitat t\u00e8cnica, exactitud, veracitat, validesa o legalitat de llocs aliens a la seva propietat als quals es pugui accedir per mitj\u00e0 dels enlla\u00e7os. &nbsp;<\/p>\n<\/div>\n<\/div>\n<div data-id=\"5d3b721\" data-element_type=\"widget\" data-widget_type=\"text-editor.default\">\n<div>\n<p>www.unmundodemadera.com declara haver adoptat totes les mesures necess\u00e0ries per evitar qualsevol dany als usuaris del seu lloc web que es puguin derivar de la navegaci\u00f3 pel seu lloc web. En conseq\u00fc\u00e8ncia, www.unmundodemadera.com no es fa responsable, en cap cas, dels eventuals danys que per la navegaci\u00f3 per Internet pugui patir l&#8217;usuari. &nbsp;<\/p>\n<p><\/p>\n<\/div>\n<\/div>\n<div data-id=\"0249aa5\" data-element_type=\"widget\" data-widget_type=\"heading.default\">\n<div>\n<h2><strong>Modificacions<\/strong><\/h2>\n<\/div>\n<\/div>\n<div data-id=\"2ba01e1\" data-element_type=\"widget\" data-widget_type=\"text-editor.default\">\n<div>\n<p>www.unmundodemadera.com es reserva el dret a realitzar les modificacions que consideri oportunes, sense av\u00eds previ, en el contingut del seu lloc web. Tant pel que fa als continguts del lloc web, com en les condicions d&#8217;\u00fas d&#8217;aquest. Aquestes modificacions es podran realitzar a trav\u00e9s del seu lloc web per qualsevol forma admissible en dret i seran d&#8217;obligat compliment durant el temps en qu\u00e8 es trobin publicades al web i fins que no siguin modificades v\u00e0lidament per unes de posteriors.  &nbsp;<\/p>\n<p><\/p>\n<\/div>\n<\/div>\n<div data-id=\"9d8146f\" data-element_type=\"widget\" data-widget_type=\"heading.default\">\n<div>\n<h2><strong>Protecci\u00f3 de dades<\/strong><\/h2>\n<\/div>\n<\/div>\n<div data-id=\"c4fa338\" data-element_type=\"widget\" data-widget_type=\"text-editor.default\">\n<div>\n<p>De conformitat amb el que estableix la normativa vigent en Protecci\u00f3 de Dades de Car\u00e0cter Personal, us informem que les vostres dades seran incorporades al sistema de tractament titularitat de www.unmundodemadera.com amb la finalitat de poder facilitar, agilitar i complir els compromisos establerts entre ambdues parts. En compliment amb la normativa vigent, www.unmundodemadera.com informa que les dades seran conservades durant el termini estrictament necessari per complir amb els preceptes esmentats anteriorment. &nbsp;<\/p>\n<\/div>\n<\/div>\n<div data-id=\"31ce460\" data-element_type=\"widget\" data-widget_type=\"text-editor.default\">\n<div>\n<p>Us informem que el tractament de les vostres dades est\u00e0 legitimat pel vostre consentiment.<\/p>\n<\/div>\n<\/div>\n<div data-id=\"9ec16c3\" data-element_type=\"widget\" data-widget_type=\"text-editor.default\">\n<div>\n<p>www.unmundodemadera.com informa que procedir\u00e0 a tractar les dades de manera l\u00edcita, lleial, transparent, adequada, pertinent, limitada, exacta i actualitzada. \u00c9s per aix\u00f2 que www.unmundodemadera.com es compromet a adoptar totes les mesures raonables perqu\u00e8 aquestes se suprimeixin o rectifiquin sense dilaci\u00f3 quan siguin inexactes. &nbsp;<\/p>\n<\/div>\n<\/div>\n<div data-id=\"367a32b\" data-element_type=\"widget\" data-widget_type=\"text-editor.default\">\n<div>\n<p>D&#8217;acord amb els drets que li confereix la normativa vigent en protecci\u00f3 de dades, podr\u00e0 exercir els drets d&#8217;acc\u00e9s, rectificaci\u00f3, limitaci\u00f3 de tractament, supressi\u00f3, portabilitat i oposici\u00f3 al tractament de les seves dades de car\u00e0cter personal, aix\u00ed com del consentiment prestat per al tractament d&#8217;aquestes, dirigint la seva petici\u00f3 a l&#8217;adre\u00e7a postal indicada m\u00e9s amunt o al correu electr\u00f2nic.<\/p>\n<\/div>\n<\/div>\n<div data-id=\"d11c762\" data-element_type=\"widget\" data-widget_type=\"text-editor.default\">\n<div>\n<p>Podr\u00e0 dirigir-se a l&#8217;Autoritat de Control competent per presentar la reclamaci\u00f3 que consideri oportuna.&nbsp;<\/p>\n<p><\/p>\n<\/div>\n<\/div>\n<div data-id=\"7704397\" data-element_type=\"widget\" data-widget_type=\"heading.default\">\n<div>\n<h2><strong>Propietat intel\u00b7lectual i industrial<\/strong><\/h2>\n<\/div>\n<\/div>\n<div data-id=\"9530a1b\" data-element_type=\"widget\" data-widget_type=\"text-editor.default\">\n<div>\n<p>www.unmundodemadera.com per si mateixa o com a cession\u00e0ria, \u00e9s titular de tots els drets de propietat intel\u00b7lectual i industrial de la seva p\u00e0gina web, aix\u00ed com dels elements continguts en la mateixa (a t\u00edtol enunciatiu, imatges, so, \u00e0udio, v\u00eddeo, programari o textos; marques o logotips, combinacions de colors, estructura i disseny, selecci\u00f3 de materials usats, programes d&#8217;ordinador necessaris per al seu funcionament, acc\u00e9s i \u00fas, etc.), titularitat de www.unmundodemadera.com. Seran, per conseg\u00fcent, obres protegides com a propietat intel\u00b7lectual per l&#8217;ordenament jur\u00eddic espanyol, essent-los aplicables tant la normativa espanyola i comunit\u00e0ria en aquest camp, com els tractats internacionals relatius a la mat\u00e8ria i subscrits per Espanya. &nbsp;<\/p>\n<\/div>\n<\/div>\n<div data-id=\"6dda26e\" data-element_type=\"widget\" data-widget_type=\"text-editor.default\">\n<div>\n<p>Tots els drets reservats. En virtut del que disposa la Llei de Propietat Intel\u00b7lectual, queden expressament prohibides la reproducci\u00f3, la distribuci\u00f3 i la comunicaci\u00f3 p\u00fablica, inclosa la seva modalitat de posada a disposici\u00f3, de la totalitat o part dels continguts d&#8217;aquesta p\u00e0gina web, amb finalitats comercials, en qualsevol suport i per qualsevol mitj\u00e0 t\u00e8cnic, sense l&#8217;autoritzaci\u00f3 de<br><br> &nbsp;<span style=\"text-align: var(--text-align); background-color: var(--ast-global-color-5); color: var(--ast-global-color-3); font-size: 1rem;\">www.unmundodemadera.com<\/span><\/p>\n<\/div>\n<\/div>\n<div data-id=\"5a58f57\" data-element_type=\"widget\" data-widget_type=\"text-editor.default\">\n<div>\n<p>L&#8217;usuari es compromet a respectar els drets de Propietat Intel\u00b7lectual i Industrial titularitat de www.unmundodemadera.com. Podr\u00e0 visualitzar els elements del portal i fins i tot imprimir-los, copiar-los i emmagatzemar-los al disc dur del seu ordinador o en qualsevol altre suport f\u00edsic sempre que sigui, \u00fanica i exclusivament, per al seu \u00fas personal i privat. L&#8217;usuari s&#8217;haur\u00e0 d&#8217;abstenir de suprimir, alterar, eludir o manipular qualsevol dispositiu de protecci\u00f3 o sistema de seguretat que estigu\u00e9s instal\u00b7lat a les p\u00e0gines de www.unmundodemadera.com.  <\/p>\n<p><\/p>\n<\/div>\n<\/div>\n<div data-id=\"fe74507\" data-element_type=\"widget\" data-widget_type=\"heading.default\">\n<div>\n<h2><strong>Accions legals, legislaci\u00f3 aplicable i jurisdicci\u00f3<\/strong><\/h2>\n<\/div>\n<\/div>\n<div data-id=\"1d69815\" data-element_type=\"widget\" data-widget_type=\"text-editor.default\">\n<div>\n<p>www.unmundodemadera.com es reserva, aix\u00ed mateix, la facultat de presentar les accions civils o penals que consideri oportunes per la utilitzaci\u00f3 indeguda del seu lloc web i continguts, o per l&#8217;incompliment de les presents condicions.&nbsp;<\/p>\n<\/div>\n<\/div>\n<div data-id=\"4e76029\" data-element_type=\"widget\" data-widget_type=\"text-editor.default\">\n<div>\n<p>La relaci\u00f3 entre l&#8217;usuari i el prestador es regir\u00e0 per la normativa vigent i d&#8217;aplicaci\u00f3 en el territori espanyol. En cas de sorgir qualsevol controv\u00e8rsia, les parts podran sotmetre els seus conflictes a arbitratge o acudir a la jurisdicci\u00f3 ordin\u00e0ria complint amb les normes sobre jurisdicci\u00f3 i compet\u00e8ncia al respecte. www.unmundodemadera.com t\u00e9 el seu domicili a BARCELONA, Espanya.  &nbsp;&nbsp;<\/p>\n<\/div>\n<\/div>\n<\/div>\n<\/div>\n<\/div>\n<\/section>\t\t\t\t\t\t\t\t<\/div>\n\t\t\t\t<\/div>\n\t\t\t\t\t<\/div>\n\t\t\t\t<\/div>\n\t\t\t\t<\/div>\n\t\t","protected":false},"excerpt":{"rendered":"<p>Condicions d&#8217;\u00fas En compliment de la Llei 34\/2002, de l&#8217;11 de juliol, de Serveis de la Societat de la Informaci\u00f3 i de Comer\u00e7 Electr\u00f2nic (LSSI-CE), PEDRO DE HARO ALARCON informa que \u00e9s titular del lloc web www.unmundodemadera.com. D&#8217;acord amb l&#8217;exig\u00e8ncia de l&#8217;article 10 de l&#8217;esmentada Llei, PEDRO DE HARO ALARCON informa de les seg\u00fcents dades: [&hellip;]<\/p>\n","protected":false},"author":2,"featured_media":0,"parent":0,"menu_order":0,"comment_status":"closed","ping_status":"closed","template":"","meta":{"site-sidebar-layout":"default","site-content-layout":"","ast-site-content-layout":"default","site-content-style":"default","site-sidebar-style":"default","ast-global-header-display":"","ast-banner-title-visibility":"","ast-main-header-display":"","ast-hfb-above-header-display":"","ast-hfb-below-header-display":"","ast-hfb-mobile-header-display":"","site-post-title":"disabled","ast-breadcrumbs-content":"","ast-featured-img":"","footer-sml-layout":"","ast-disable-related-posts":"","theme-transparent-header-meta":"","adv-header-id-meta":"","stick-header-meta":"","header-above-stick-meta":"","header-main-stick-meta":"","header-below-stick-meta":"","astra-migrate-meta-layouts":"default","ast-page-background-enabled":"default","ast-page-background-meta":{"desktop":{"background-color":"","background-image":"","background-repeat":"repeat","background-position":"center center","background-size":"auto","background-attachment":"scroll","background-type":"","background-media":"","overlay-type":"","overlay-color":"","overlay-opacity":"","overlay-gradient":""},"tablet":{"background-color":"","background-image":"","background-repeat":"repeat","background-position":"center center","background-size":"auto","background-attachment":"scroll","background-type":"","background-media":"","overlay-type":"","overlay-color":"","overlay-opacity":"","overlay-gradient":""},"mobile":{"background-color":"","background-image":"","background-repeat":"repeat","background-position":"center center","background-size":"auto","background-attachment":"scroll","background-type":"","background-media":"","overlay-type":"","overlay-color":"","overlay-opacity":"","overlay-gradient":""}},"ast-content-background-meta":{"desktop":{"background-color":"var(--ast-global-color-5)","background-image":"","background-repeat":"repeat","background-position":"center center","background-size":"auto","background-attachment":"scroll","background-type":"","background-media":"","overlay-type":"","overlay-color":"","overlay-opacity":"","overlay-gradient":""},"tablet":{"background-color":"var(--ast-global-color-5)","background-image":"","background-repeat":"repeat","background-position":"center center","background-size":"auto","background-attachment":"scroll","background-type":"","background-media":"","overlay-type":"","overlay-color":"","overlay-opacity":"","overlay-gradient":""},"mobile":{"background-color":"var(--ast-global-color-5)","background-image":"","background-repeat":"repeat","background-position":"center center","background-size":"auto","background-attachment":"scroll","background-type":"","background-media":"","overlay-type":"","overlay-color":"","overlay-opacity":"","overlay-gradient":""}},"footnotes":""},"class_list":["post-2470","page","type-page","status-publish","hentry"],"_links":{"self":[{"href":"https:\/\/unmundodemadera.com\/ca\/wp-json\/wp\/v2\/pages\/2470","targetHints":{"allow":["GET"]}}],"collection":[{"href":"https:\/\/unmundodemadera.com\/ca\/wp-json\/wp\/v2\/pages"}],"about":[{"href":"https:\/\/unmundodemadera.com\/ca\/wp-json\/wp\/v2\/types\/page"}],"author":[{"embeddable":true,"href":"https:\/\/unmundodemadera.com\/ca\/wp-json\/wp\/v2\/users\/2"}],"replies":[{"embeddable":true,"href":"https:\/\/unmundodemadera.com\/ca\/wp-json\/wp\/v2\/comments?post=2470"}],"version-history":[{"count":4,"href":"https:\/\/unmundodemadera.com\/ca\/wp-json\/wp\/v2\/pages\/2470\/revisions"}],"predecessor-version":[{"id":2482,"href":"https:\/\/unmundodemadera.com\/ca\/wp-json\/wp\/v2\/pages\/2470\/revisions\/2482"}],"wp:attachment":[{"href":"https:\/\/unmundodemadera.com\/ca\/wp-json\/wp\/v2\/media?parent=2470"}],"curies":[{"name":"wp","href":"https:\/\/api.w.org\/{rel}","templated":true}]}}