{"id":2409,"date":"2025-06-18T16:55:17","date_gmt":"2025-06-18T14:55:17","guid":{"rendered":"https:\/\/unmundodemadera.com\/inici\/"},"modified":"2026-04-17T20:56:39","modified_gmt":"2026-04-17T18:56:39","slug":"inici","status":"publish","type":"page","link":"https:\/\/unmundodemadera.com\/ca\/","title":{"rendered":"Inici"},"content":{"rendered":"\t\t<div data-elementor-type=\"wp-post\" data-elementor-id=\"2409\" class=\"elementor elementor-2409 elementor-1308\" data-elementor-post-type=\"page\">\n\t\t\t\t<div class=\"elementor-element elementor-element-6e8beef e-flex e-con-boxed e-con e-parent\" data-id=\"6e8beef\" data-element_type=\"container\" data-e-type=\"container\" data-settings=\"{&quot;background_background&quot;:&quot;classic&quot;}\">\n\t\t\t\t\t<div class=\"e-con-inner\">\n\t\t<div class=\"elementor-element elementor-element-b96719e e-con-full e-flex e-con e-child\" data-id=\"b96719e\" data-element_type=\"container\" data-e-type=\"container\">\n\t\t\t\t<div class=\"elementor-element elementor-element-b098d69 elementor-widget elementor-widget-video\" data-id=\"b098d69\" data-element_type=\"widget\" data-e-type=\"widget\" data-settings=\"{&quot;video_type&quot;:&quot;hosted&quot;,&quot;autoplay&quot;:&quot;yes&quot;,&quot;controls&quot;:&quot;yes&quot;}\" data-widget_type=\"video.default\">\n\t\t\t\t<div class=\"elementor-widget-container\">\n\t\t\t\t\t\t\t<div class=\"e-hosted-video elementor-wrapper elementor-open-inline\">\n\t\t\t\t\t<video class=\"elementor-video\" src=\"https:\/\/unmundodemadera.com\/wp-content\/uploads\/2025\/09\/skyline-barcelona.mp4\" autoplay=\"\" controls=\"\" controlsList=\"nodownload\"><\/video>\n\t\t\t\t<\/div>\n\t\t\t\t\t\t<\/div>\n\t\t\t\t<\/div>\n\t\t\t\t<div class=\"elementor-element elementor-element-acaf404 elementor-widget elementor-widget-heading\" data-id=\"acaf404\" data-element_type=\"widget\" data-e-type=\"widget\" data-widget_type=\"heading.default\">\n\t\t\t\t<div class=\"elementor-widget-container\">\n\t\t\t\t\t<h1 class=\"elementor-heading-title elementor-size-default\">BENVINGUT A UN M\u00d3N DE FUSTA<\/h1>\t\t\t\t<\/div>\n\t\t\t\t<\/div>\n\t\t\t\t<div class=\"elementor-element elementor-element-2af4e16 elementor-align-center elementor-widget elementor-widget-button\" data-id=\"2af4e16\" data-element_type=\"widget\" data-e-type=\"widget\" data-widget_type=\"button.default\">\n\t\t\t\t<div class=\"elementor-widget-container\">\n\t\t\t\t\t\t\t\t\t<div class=\"elementor-button-wrapper\">\n\t\t\t\t\t<a class=\"elementor-button elementor-button-link elementor-size-md\" href=\"https:\/\/unmundodemadera.com\/catalogo\/\">\n\t\t\t\t\t\t<span class=\"elementor-button-content-wrapper\">\n\t\t\t\t\t\t\t\t\t<span class=\"elementor-button-text\">Cat\u00e0leg<\/span>\n\t\t\t\t\t<\/span>\n\t\t\t\t\t<\/a>\n\t\t\t\t<\/div>\n\t\t\t\t\t\t\t\t<\/div>\n\t\t\t\t<\/div>\n\t\t\t\t<\/div>\n\t\t\t\t\t<\/div>\n\t\t\t\t<\/div>\n\t\t<div class=\"elementor-element elementor-element-61080ad e-flex e-con-boxed e-con e-parent\" data-id=\"61080ad\" data-element_type=\"container\" data-e-type=\"container\" data-settings=\"{&quot;background_background&quot;:&quot;classic&quot;}\">\n\t\t\t\t\t<div class=\"e-con-inner\">\n\t\t<div class=\"elementor-element elementor-element-ed50d7a e-con-full e-flex e-con e-child\" data-id=\"ed50d7a\" data-element_type=\"container\" data-e-type=\"container\">\n\t\t\t\t<div class=\"elementor-element elementor-element-6942ab6 elementor-widget elementor-widget-hfe-infocard\" data-id=\"6942ab6\" data-element_type=\"widget\" data-e-type=\"widget\" data-widget_type=\"hfe-infocard.default\">\n\t\t\t\t<div class=\"elementor-widget-container\">\n\t\t\t\t\t\n\t\t<div class=\"hfe-infocard\">\n\t\t\t\t\t\t\t\t\t<div class=\"hfe-infocard-title-wrap\">\n\t\t\t\t<h2 class=\"hfe-infocard-title elementor-inline-editing\" data-elementor-setting-key=\"infocard_title\" data-elementor-inline-editing-toolbar=\"basic\" >Els nostres productes<\/h2>\t\t\t<\/div>\n\t\t\t\t\t\t<div class=\"hfe-infocard-text-wrap\">\n\t\t\t\t<div class=\"hfe-infocard-text elementor-inline-editing\" data-elementor-setting-key=\"infocard_description\" data-elementor-inline-editing-toolbar=\"advanced\">\n\t\t\t\t\tTroba el teu a l'instant\t\t\t\t<\/div>\n\t\t\t\t\t\t\t<\/div>\n\t\t<\/div>\n\n\t\t\t\t\t\t<\/div>\n\t\t\t\t<\/div>\n\t\t\t\t<div class=\"elementor-element elementor-element-0ddc879 elementor-grid-4 elementor-grid-tablet-3 elementor-grid-mobile-2 elementor-products-grid elementor-wc-products elementor-widget elementor-widget-wc-categories\" data-id=\"0ddc879\" data-element_type=\"widget\" data-e-type=\"widget\" data-widget_type=\"wc-categories.default\">\n\t\t\t\t<div class=\"elementor-widget-container\">\n\t\t\t\t\t<div class=\"woocommerce columns-4\"><ul class=\"products elementor-grid columns-4\">\n<li class=\"product-category product first\">\n\t<a aria-label=\"Visiteu la categoria de producte Bolsos \/ Moda\" href=\"https:\/\/unmundodemadera.com\/ca\/categoria-producto\/bolsos\/\"><img fetchpriority=\"high\" decoding=\"async\" src=\"https:\/\/unmundodemadera.com\/wp-content\/uploads\/2025\/06\/bolso-mod-de-mano-cierre-corazon-300x300.png\" alt=\"Bolsos \/ Moda\" width=\"300\" height=\"300\" srcset=\"https:\/\/unmundodemadera.com\/wp-content\/uploads\/2025\/06\/bolso-mod-de-mano-cierre-corazon-300x300.png 300w, https:\/\/unmundodemadera.com\/wp-content\/uploads\/2025\/06\/bolso-mod-de-mano-cierre-corazon-150x150.png 150w, https:\/\/unmundodemadera.com\/wp-content\/uploads\/2025\/06\/bolso-mod-de-mano-cierre-corazon-100x100.png 100w\" sizes=\"(max-width: 300px) 100vw, 300px\" \/>\t\t<h2 class=\"woocommerce-loop-category__title\">\n\t\t\tBolsos \/ Moda\t\t<\/h2>\n\t\t<\/a><\/li>\n<li class=\"product-category product\">\n\t<a aria-label=\"Visiteu la categoria de producte Bodas \/ Eventos\" href=\"https:\/\/unmundodemadera.com\/ca\/categoria-producto\/bodas-eventos\/\"><img decoding=\"async\" src=\"https:\/\/unmundodemadera.com\/wp-content\/uploads\/2025\/06\/BODAS-300x300.jpg\" alt=\"Bodas \/ Eventos\" width=\"300\" height=\"300\" srcset=\"https:\/\/unmundodemadera.com\/wp-content\/uploads\/2025\/06\/BODAS-300x300.jpg 300w, https:\/\/unmundodemadera.com\/wp-content\/uploads\/2025\/06\/BODAS-150x150.jpg 150w, https:\/\/unmundodemadera.com\/wp-content\/uploads\/2025\/06\/BODAS-100x100.jpg 100w\" sizes=\"(max-width: 300px) 100vw, 300px\" \/>\t\t<h2 class=\"woocommerce-loop-category__title\">\n\t\t\tBodas \/ Eventos\t\t<\/h2>\n\t\t<\/a><\/li>\n<li class=\"product-category product\">\n\t<a aria-label=\"Visiteu la categoria de producte Bienestar\" href=\"https:\/\/unmundodemadera.com\/ca\/categoria-producto\/bienestar\/\"><img decoding=\"async\" src=\"https:\/\/unmundodemadera.com\/wp-content\/uploads\/2025\/06\/imagen_2025-06-18_175548078-300x300.png\" alt=\"Bienestar\" width=\"300\" height=\"300\" srcset=\"https:\/\/unmundodemadera.com\/wp-content\/uploads\/2025\/06\/imagen_2025-06-18_175548078-300x300.png 300w, https:\/\/unmundodemadera.com\/wp-content\/uploads\/2025\/06\/imagen_2025-06-18_175548078-100x100.png 100w, https:\/\/unmundodemadera.com\/wp-content\/uploads\/2025\/06\/imagen_2025-06-18_175548078-150x150.png 150w\" sizes=\"(max-width: 300px) 100vw, 300px\" \/>\t\t<h2 class=\"woocommerce-loop-category__title\">\n\t\t\tBienestar\t\t<\/h2>\n\t\t<\/a><\/li>\n<\/ul>\n<\/div>\t\t\t\t<\/div>\n\t\t\t\t<\/div>\n\t\t\t\t<\/div>\n\t\t\t\t\t<\/div>\n\t\t\t\t<\/div>\n\t\t<div class=\"elementor-element elementor-element-0ed8481 e-flex e-con-boxed e-con e-parent\" data-id=\"0ed8481\" data-element_type=\"container\" data-e-type=\"container\">\n\t\t\t\t\t<div class=\"e-con-inner\">\n\t\t<div class=\"elementor-element elementor-element-f79ade5 e-con-full e-flex e-con e-child\" data-id=\"f79ade5\" data-element_type=\"container\" data-e-type=\"container\">\n\t\t\t\t<div class=\"elementor-element elementor-element-6b5fa92 elementor-widget elementor-widget-heading\" data-id=\"6b5fa92\" data-element_type=\"widget\" data-e-type=\"widget\" data-widget_type=\"heading.default\">\n\t\t\t\t<div class=\"elementor-widget-container\">\n\t\t\t\t\t<h3 class=\"elementor-heading-title elementor-size-default\">Som creadors. Som somiadors. Som artesans.  \n\n<\/h3>\t\t\t\t<\/div>\n\t\t\t\t<\/div>\n\t\t\t\t<div class=\"elementor-element elementor-element-453bb5b elementor-widget elementor-widget-button\" data-id=\"453bb5b\" data-element_type=\"widget\" data-e-type=\"widget\" data-widget_type=\"button.default\">\n\t\t\t\t<div class=\"elementor-widget-container\">\n\t\t\t\t\t\t\t\t\t<div class=\"elementor-button-wrapper\">\n\t\t\t\t\t<a class=\"elementor-button elementor-button-link elementor-size-sm\" href=\"\/contacta\">\n\t\t\t\t\t\t<span class=\"elementor-button-content-wrapper\">\n\t\t\t\t\t\t<span class=\"elementor-button-icon\">\n\t\t\t\t<i aria-hidden=\"true\" class=\"fas fa-phone\"><\/i>\t\t\t<\/span>\n\t\t\t\t\t\t\t\t\t<span class=\"elementor-button-text\">CONTACTE<\/span>\n\t\t\t\t\t<\/span>\n\t\t\t\t\t<\/a>\n\t\t\t\t<\/div>\n\t\t\t\t\t\t\t\t<\/div>\n\t\t\t\t<\/div>\n\t\t\t\t<\/div>\n\t\t<div class=\"elementor-element elementor-element-c6f1e43 e-con-full e-flex e-con e-child\" data-id=\"c6f1e43\" data-element_type=\"container\" data-e-type=\"container\">\n\t\t\t\t<div class=\"elementor-element elementor-element-94f5bdb elementor-widget elementor-widget-heading\" data-id=\"94f5bdb\" data-element_type=\"widget\" data-e-type=\"widget\" data-widget_type=\"heading.default\">\n\t\t\t\t<div class=\"elementor-widget-container\">\n\t\t\t\t\t<h2 class=\"elementor-heading-title elementor-size-default\">Sobre nosaltres<\/h2>\t\t\t\t<\/div>\n\t\t\t\t<\/div>\n\t\t\t\t<div class=\"elementor-element elementor-element-58712a0 elementor-widget elementor-widget-text-editor\" data-id=\"58712a0\" data-element_type=\"widget\" data-e-type=\"widget\" data-widget_type=\"text-editor.default\">\n\t\t\t\t<div class=\"elementor-widget-container\">\n\t\t\t\t\t\t\t\t\t<p>Darrere de cada pe\u00e7a que realitzem hi ha hores de feina acurada, decisions conscients i una profunda passi\u00f3 pel que est\u00e0 fet a m\u00e0. <strong>Un M\u00f3n de Fusta<\/strong> neix del desig de recuperar el valor dels objectes aut\u00e8ntics: aquells que no surten d&#8217;una cadena de producci\u00f3, sin\u00f3 d&#8217;un taller on cada pas importa<\/p>\t\t\t\t\t\t\t\t<\/div>\n\t\t\t\t<\/div>\n\t\t\t\t<\/div>\n\t\t\t\t\t<\/div>\n\t\t\t\t<\/div>\n\t\t<div class=\"elementor-element elementor-element-b89a93d e-flex e-con-boxed e-con e-parent\" data-id=\"b89a93d\" data-element_type=\"container\" data-e-type=\"container\">\n\t\t\t\t\t<div class=\"e-con-inner\">\n\t\t<div class=\"elementor-element elementor-element-19c1941 e-con-full e-flex e-con e-child\" data-id=\"19c1941\" data-element_type=\"container\" data-e-type=\"container\">\n\t\t\t\t<div class=\"elementor-element elementor-element-776e269 elementor-widget elementor-widget-heading\" data-id=\"776e269\" data-element_type=\"widget\" data-e-type=\"widget\" data-widget_type=\"heading.default\">\n\t\t\t\t<div class=\"elementor-widget-container\">\n\t\t\t\t\t<h2 class=\"elementor-heading-title elementor-size-default\">Contacte<\/h2>\t\t\t\t<\/div>\n\t\t\t\t<\/div>\n\t\t\t\t<div class=\"elementor-element elementor-element-4407bf1 elementor-widget elementor-widget-text-editor\" data-id=\"4407bf1\" data-element_type=\"widget\" data-e-type=\"widget\" data-widget_type=\"text-editor.default\">\n\t\t\t\t<div class=\"elementor-widget-container\">\n\t\t\t\t\t\t\t\t\t<p data-start=\"4176\" data-end=\"4391\">Ens encantar\u00e0 ajudar-te a crear aquella pe\u00e7a especial, aquell regal inoblidable o aquell objecte que parli de tu. Ja sigui un disseny personalitzat, una col\u00b7laboraci\u00f3 o simplement resoldre un dubte, som aqu\u00ed per escoltar-te. <\/p><p data-start=\"4393\" data-end=\"4531\">\ud83d\udccd <strong data-start=\"4396\" data-end=\"4419\">Taller a Barcelona<\/strong><br data-start=\"4419\" data-end=\"4422\">\u2709\ufe0f Escriu-nos a: <strong data-start=\"4439\" data-end=\"4465\">[<span style=\"color: #0274be;\">info@unmundodemadera.com<\/span>]<\/strong><br data-start=\"4465\" data-end=\"4468\">\ud83d\udcf1 O segueix-nos i escriu-nos a trav\u00e9s de les nostres xarxes socials.<\/p><p data-start=\"4533\" data-end=\"4647\">Tamb\u00e9 pots omplir el formulari de contacte d&#8217;aquesta web. Ens posarem en contacte amb tu el m\u00e9s aviat possible <\/p>\t\t\t\t\t\t\t\t<\/div>\n\t\t\t\t<\/div>\n\t\t\t\t<\/div>\n\t\t<div class=\"elementor-element elementor-element-2fabad1 e-con-full e-flex e-con e-child\" data-id=\"2fabad1\" data-element_type=\"container\" data-e-type=\"container\">\n\t\t\t\t<div class=\"elementor-element elementor-element-5a803ce elementor-widget elementor-widget-heading\" data-id=\"5a803ce\" data-element_type=\"widget\" data-e-type=\"widget\" data-widget_type=\"heading.default\">\n\t\t\t\t<div class=\"elementor-widget-container\">\n\t\t\t\t\t<h3 class=\"elementor-heading-title elementor-size-default\">Tens una idea al cap? Nosaltres la fem realitat. \n<\/h3>\t\t\t\t<\/div>\n\t\t\t\t<\/div>\n\t\t\t\t<div class=\"elementor-element elementor-element-cfb7c3e elementor-widget elementor-widget-button\" data-id=\"cfb7c3e\" data-element_type=\"widget\" data-e-type=\"widget\" data-widget_type=\"button.default\">\n\t\t\t\t<div class=\"elementor-widget-container\">\n\t\t\t\t\t\t\t\t\t<div class=\"elementor-button-wrapper\">\n\t\t\t\t\t<a class=\"elementor-button elementor-button-link elementor-size-sm\" href=\"https:\/\/unmundodemadera.com\/ca\/contacte\/\">\n\t\t\t\t\t\t<span class=\"elementor-button-content-wrapper\">\n\t\t\t\t\t\t<span class=\"elementor-button-icon\">\n\t\t\t\t<i aria-hidden=\"true\" class=\"fas fa-phone\"><\/i>\t\t\t<\/span>\n\t\t\t\t\t\t\t\t\t<span class=\"elementor-button-text\">contacta<\/span>\n\t\t\t\t\t<\/span>\n\t\t\t\t\t<\/a>\n\t\t\t\t<\/div>\n\t\t\t\t\t\t\t\t<\/div>\n\t\t\t\t<\/div>\n\t\t\t\t<\/div>\n\t\t\t\t\t<\/div>\n\t\t\t\t<\/div>\n\t\t<div class=\"elementor-element elementor-element-4d49c2f e-flex e-con-boxed e-con e-parent\" data-id=\"4d49c2f\" data-element_type=\"container\" data-e-type=\"container\" data-settings=\"{&quot;background_background&quot;:&quot;classic&quot;}\">\n\t\t\t\t\t<div class=\"e-con-inner\">\n\t\t<div class=\"elementor-element elementor-element-12e555b e-con-full e-flex e-con e-child\" data-id=\"12e555b\" data-element_type=\"container\" data-e-type=\"container\">\n\t\t\t\t<div class=\"elementor-element elementor-element-cf5aaf2 elementor-widget elementor-widget-heading\" data-id=\"cf5aaf2\" data-element_type=\"widget\" data-e-type=\"widget\" data-widget_type=\"heading.default\">\n\t\t\t\t<div class=\"elementor-widget-container\">\n\t\t\t\t\t<h2 class=\"elementor-heading-title elementor-size-default\">Mira el nostre cat\u00e0leg<\/h2>\t\t\t\t<\/div>\n\t\t\t\t<\/div>\n\t\t\t\t<div class=\"elementor-element elementor-element-2ca6b1e elementor-widget elementor-widget-text-editor\" data-id=\"2ca6b1e\" data-element_type=\"widget\" data-e-type=\"widget\" data-widget_type=\"text-editor.default\">\n\t\t\t\t<div class=\"elementor-widget-container\">\n\t\t\t\t\t\t\t\t\t<p data-start=\"121\" data-end=\"284\"><strong data-start=\"121\" data-end=\"195\">Descobreix peces \u00faniques fetes amb \u00e0nima, en fusta i amb molt de detall.<\/strong><br data-start=\"195\" data-end=\"198\">Des de decoraci\u00f3 fins a regals personalitzats: tot pensat per emocionar i perdurar.<\/p>\t\t\t\t\t\t\t\t<\/div>\n\t\t\t\t<\/div>\n\t\t\t\t<div class=\"elementor-element elementor-element-abd0069 elementor-mobile-align-center elementor-align-center elementor-widget elementor-widget-button\" data-id=\"abd0069\" data-element_type=\"widget\" data-e-type=\"widget\" data-widget_type=\"button.default\">\n\t\t\t\t<div class=\"elementor-widget-container\">\n\t\t\t\t\t\t\t\t\t<div class=\"elementor-button-wrapper\">\n\t\t\t\t\t<a class=\"elementor-button elementor-button-link elementor-size-md\" href=\"https:\/\/unmundodemadera.com\/catalogo\/\">\n\t\t\t\t\t\t<span class=\"elementor-button-content-wrapper\">\n\t\t\t\t\t\t\t\t\t<span class=\"elementor-button-text\">ves al cat\u00e0leg<\/span>\n\t\t\t\t\t<\/span>\n\t\t\t\t\t<\/a>\n\t\t\t\t<\/div>\n\t\t\t\t\t\t\t\t<\/div>\n\t\t\t\t<\/div>\n\t\t\t\t<\/div>\n\t\t\t\t\t<\/div>\n\t\t\t\t<\/div>\n\t\t\t\t<\/div>\n\t\t","protected":false},"excerpt":{"rendered":"<p>https:\/\/unmundodemadera.com\/wp-content\/uploads\/2025\/09\/skyline-barcelona.mp4 BENVINGUT A UN M\u00d3N DE FUSTA Cat\u00e0leg Els nostres productes Troba el teu a l&#8217;instant Som creadors. Som somiadors. Som artesans. CONTACTE Sobre nosaltres Darrere de cada pe\u00e7a que realitzem hi ha hores de feina acurada, decisions conscients i una profunda passi\u00f3 pel que est\u00e0 fet a m\u00e0. Un M\u00f3n de Fusta neix del [&hellip;]<\/p>\n","protected":false},"author":2,"featured_media":0,"parent":0,"menu_order":0,"comment_status":"closed","ping_status":"closed","template":"","meta":{"site-sidebar-layout":"no-sidebar","site-content-layout":"page-builder","ast-site-content-layout":"full-width-container","site-content-style":"unboxed","site-sidebar-style":"unboxed","ast-global-header-display":"","ast-banner-title-visibility":"","ast-main-header-display":"","ast-hfb-above-header-display":"","ast-hfb-below-header-display":"","ast-hfb-mobile-header-display":"","site-post-title":"disabled","ast-breadcrumbs-content":"","ast-featured-img":"disabled","footer-sml-layout":"","ast-disable-related-posts":"","theme-transparent-header-meta":"enabled","adv-header-id-meta":"","stick-header-meta":"","header-above-stick-meta":"","header-main-stick-meta":"","header-below-stick-meta":"","astra-migrate-meta-layouts":"default","ast-page-background-enabled":"default","ast-page-background-meta":{"desktop":{"background-color":"","background-image":"","background-repeat":"repeat","background-position":"center center","background-size":"auto","background-attachment":"scroll","background-type":"","background-media":"","overlay-type":"","overlay-color":"","overlay-opacity":"","overlay-gradient":""},"tablet":{"background-color":"","background-image":"","background-repeat":"repeat","background-position":"center center","background-size":"auto","background-attachment":"scroll","background-type":"","background-media":"","overlay-type":"","overlay-color":"","overlay-opacity":"","overlay-gradient":""},"mobile":{"background-color":"","background-image":"","background-repeat":"repeat","background-position":"center center","background-size":"auto","background-attachment":"scroll","background-type":"","background-media":"","overlay-type":"","overlay-color":"","overlay-opacity":"","overlay-gradient":""}},"ast-content-background-meta":{"desktop":{"background-color":"var(--ast-global-color-5)","background-image":"","background-repeat":"repeat","background-position":"center center","background-size":"auto","background-attachment":"scroll","background-type":"","background-media":"","overlay-type":"","overlay-color":"","overlay-opacity":"","overlay-gradient":""},"tablet":{"background-color":"var(--ast-global-color-5)","background-image":"","background-repeat":"repeat","background-position":"center center","background-size":"auto","background-attachment":"scroll","background-type":"","background-media":"","overlay-type":"","overlay-color":"","overlay-opacity":"","overlay-gradient":""},"mobile":{"background-color":"var(--ast-global-color-5)","background-image":"","background-repeat":"repeat","background-position":"center center","background-size":"auto","background-attachment":"scroll","background-type":"","background-media":"","overlay-type":"","overlay-color":"","overlay-opacity":"","overlay-gradient":""}},"footnotes":""},"class_list":["post-2409","page","type-page","status-publish","hentry"],"_links":{"self":[{"href":"https:\/\/unmundodemadera.com\/ca\/wp-json\/wp\/v2\/pages\/2409","targetHints":{"allow":["GET"]}}],"collection":[{"href":"https:\/\/unmundodemadera.com\/ca\/wp-json\/wp\/v2\/pages"}],"about":[{"href":"https:\/\/unmundodemadera.com\/ca\/wp-json\/wp\/v2\/types\/page"}],"author":[{"embeddable":true,"href":"https:\/\/unmundodemadera.com\/ca\/wp-json\/wp\/v2\/users\/2"}],"replies":[{"embeddable":true,"href":"https:\/\/unmundodemadera.com\/ca\/wp-json\/wp\/v2\/comments?post=2409"}],"version-history":[{"count":2,"href":"https:\/\/unmundodemadera.com\/ca\/wp-json\/wp\/v2\/pages\/2409\/revisions"}],"predecessor-version":[{"id":2515,"href":"https:\/\/unmundodemadera.com\/ca\/wp-json\/wp\/v2\/pages\/2409\/revisions\/2515"}],"wp:attachment":[{"href":"https:\/\/unmundodemadera.com\/ca\/wp-json\/wp\/v2\/media?parent=2409"}],"curies":[{"name":"wp","href":"https:\/\/api.w.org\/{rel}","templated":true}]}}